{"id":19,"date":"2024-08-27T10:45:49","date_gmt":"2024-08-27T10:45:49","guid":{"rendered":"https:\/\/ropeaccess.ee\/meist\/"},"modified":"2026-03-30T09:35:47","modified_gmt":"2026-03-30T09:35:47","slug":"meist","status":"publish","type":"page","link":"https:\/\/ropeaccess.ee\/fi\/meist\/","title":{"rendered":"Meist\u00e4"},"content":{"rendered":"<div data-elementor-type=\"wp-page\" data-elementor-id=\"19\" class=\"elementor elementor-19\">\n\t\t\t\t<div class=\"elementor-element elementor-element-33c31fb e-flex e-con-boxed e-con e-parent\" data-id=\"33c31fb\" data-element_type=\"container\" data-e-type=\"container\" data-settings=\"{&quot;background_background&quot;:&quot;classic&quot;}\">\n\t\t\t\t\t<div class=\"e-con-inner\">\n\t\t\t\t<div class=\"elementor-element elementor-element-c501cdd elementor-widget elementor-widget-heading\" data-id=\"c501cdd\" data-element_type=\"widget\" data-e-type=\"widget\" data-widget_type=\"heading.default\">\n\t\t\t\t<div class=\"elementor-widget-container\">\n\t\t\t\t\t<h1 class=\"elementor-heading-title elementor-size-default\">Vie osaamisesi seuraavalle tasolle \u2013 kansainv\u00e4lisell\u00e4 huipulla!<\/h1>\t\t\t\t<\/div>\n\t\t\t\t<\/div>\n\t\t\t\t\t<\/div>\n\t\t\t\t<\/div>\n\t\t<div class=\"elementor-element elementor-element-d24f48a e-flex e-con-boxed e-con e-parent\" data-id=\"d24f48a\" data-element_type=\"container\" data-e-type=\"container\">\n\t\t\t\t\t<div class=\"e-con-inner\">\n\t\t<div class=\"elementor-element elementor-element-7c4b2ad e-con-full e-flex e-con e-child\" data-id=\"7c4b2ad\" data-element_type=\"container\" data-e-type=\"container\">\n\t\t\t\t<div class=\"elementor-element elementor-element-2ebbc38 elementor-widget elementor-widget-heading\" data-id=\"2ebbc38\" data-element_type=\"widget\" data-e-type=\"widget\" data-widget_type=\"heading.default\">\n\t\t\t\t<div class=\"elementor-widget-container\">\n\t\t\t\t\t<h3 class=\"elementor-heading-title elementor-size-default\">Meist\u00e4<\/h3>\t\t\t\t<\/div>\n\t\t\t\t<\/div>\n\t\t\t\t<div class=\"elementor-element elementor-element-6b7a11e elementor-widget elementor-widget-text-editor\" data-id=\"6b7a11e\" data-element_type=\"widget\" data-e-type=\"widget\" data-widget_type=\"text-editor.default\">\n\t\t\t\t<div class=\"elementor-widget-container\">\n\t\t\t\t\t\t\t\t\t<p>Olemme keskittyneet korkeusty\u00f6n turvallisuuskoulutukseen ja k\u00f6ysip\u00e4\u00e4symenetelmien opettamiseen kansainv\u00e4lisell\u00e4 tasolla. Tavoitteenamme on tarjota k\u00e4yt\u00e4nn\u00f6nl\u00e4heist\u00e4 koulutusta, joka kehitt\u00e4\u00e4 uusia taitoja ja turvallisia ty\u00f6tapoja. Kokeneet kouluttajamme jakavat omia kokemuksiaan ja oppejaan, jotta ty\u00f6prosessit olisivat yksinkertaisempia ja tehokkaampia.<\/p><p class=\"translation-block\">Olemme IRATAn virallinen j\u00e4sen ja kouluttaja.<\/p><p><a href=\"https:\/\/ropeaccess.ee\/wp-content\/uploads\/2025\/12\/Korgtoode-Koolitused-OU-Certificate-Trainer-2.pdf\">IRATA-sertifikaatti<\/a><\/p>\t\t\t\t\t\t\t\t<\/div>\n\t\t\t\t<\/div>\n\t\t\t\t<\/div>\n\t\t<div class=\"elementor-element elementor-element-4bb92dc e-con-full e-flex e-con e-child\" data-id=\"4bb92dc\" data-element_type=\"container\" data-e-type=\"container\">\n\t\t\t\t<div class=\"elementor-element elementor-element-6d059dc elementor-widget elementor-widget-image\" data-id=\"6d059dc\" data-element_type=\"widget\" data-e-type=\"widget\" data-widget_type=\"image.default\">\n\t\t\t\t<div class=\"elementor-widget-container\">\n\t\t\t\t\t\t\t\t\t\t\t\t\t\t\t<img fetchpriority=\"high\" decoding=\"async\" width=\"768\" height=\"1024\" src=\"https:\/\/ropeaccess.ee\/wp-content\/uploads\/2024\/09\/CIMG2553-vertical2-768x1024.jpg\" class=\"attachment-large size-large wp-image-325\" alt=\"\" srcset=\"https:\/\/ropeaccess.ee\/wp-content\/uploads\/2024\/09\/CIMG2553-vertical2-768x1024.jpg 768w, https:\/\/ropeaccess.ee\/wp-content\/uploads\/2024\/09\/CIMG2553-vertical2-225x300.jpg 225w, https:\/\/ropeaccess.ee\/wp-content\/uploads\/2024\/09\/CIMG2553-vertical2.jpg 1152w\" sizes=\"(max-width: 768px) 100vw, 768px\" \/>\t\t\t\t\t\t\t\t\t\t\t\t\t\t\t<\/div>\n\t\t\t\t<\/div>\n\t\t\t\t<\/div>\n\t\t<div class=\"elementor-element elementor-element-0af4b87 e-con-full e-flex e-con e-child\" data-id=\"0af4b87\" data-element_type=\"container\" data-e-type=\"container\">\n\t\t\t\t<div class=\"elementor-element elementor-element-db3b564 elementor-widget elementor-widget-image\" data-id=\"db3b564\" data-element_type=\"widget\" data-e-type=\"widget\" data-widget_type=\"image.default\">\n\t\t\t\t<div class=\"elementor-widget-container\">\n\t\t\t\t\t\t\t\t\t\t\t\t\t\t\t<img decoding=\"async\" width=\"768\" height=\"1024\" src=\"https:\/\/ropeaccess.ee\/wp-content\/uploads\/2024\/09\/Skyproff-Offshore-Wind-Energy-Rope-Access-Abseilers-85-768x1024.jpeg\" class=\"attachment-large size-large wp-image-326\" alt=\"\" srcset=\"https:\/\/ropeaccess.ee\/wp-content\/uploads\/2024\/09\/Skyproff-Offshore-Wind-Energy-Rope-Access-Abseilers-85-768x1024.jpeg 768w, https:\/\/ropeaccess.ee\/wp-content\/uploads\/2024\/09\/Skyproff-Offshore-Wind-Energy-Rope-Access-Abseilers-85-225x300.jpeg 225w, https:\/\/ropeaccess.ee\/wp-content\/uploads\/2024\/09\/Skyproff-Offshore-Wind-Energy-Rope-Access-Abseilers-85-1152x1536.jpeg 1152w, https:\/\/ropeaccess.ee\/wp-content\/uploads\/2024\/09\/Skyproff-Offshore-Wind-Energy-Rope-Access-Abseilers-85-1536x2048.jpeg 1536w, https:\/\/ropeaccess.ee\/wp-content\/uploads\/2024\/09\/Skyproff-Offshore-Wind-Energy-Rope-Access-Abseilers-85-scaled.jpeg 1920w\" sizes=\"(max-width: 768px) 100vw, 768px\" \/>\t\t\t\t\t\t\t\t\t\t\t\t\t\t\t<\/div>\n\t\t\t\t<\/div>\n\t\t\t\t<\/div>\n\t\t\t\t\t<\/div>\n\t\t\t\t<\/div>\n\t\t<div class=\"elementor-element elementor-element-69b26c2 e-flex e-con-boxed e-con e-parent\" data-id=\"69b26c2\" data-element_type=\"container\" data-e-type=\"container\">\n\t\t\t\t\t<div class=\"e-con-inner\">\n\t\t\t\t<div class=\"elementor-element elementor-element-13a38d7 elementor-widget elementor-widget-heading\" data-id=\"13a38d7\" data-element_type=\"widget\" data-e-type=\"widget\" data-widget_type=\"heading.default\">\n\t\t\t\t<div class=\"elementor-widget-container\">\n\t\t\t\t\t<h3 class=\"elementor-heading-title elementor-size-default\">Omistautunut tiimimme<\/h3>\t\t\t\t<\/div>\n\t\t\t\t<\/div>\n\t\t\t\t\t<\/div>\n\t\t\t\t<\/div>\n\t\t<div class=\"elementor-element elementor-element-70f2b64 e-flex e-con-boxed e-con e-parent\" data-id=\"70f2b64\" data-element_type=\"container\" data-e-type=\"container\">\n\t\t\t\t\t<div class=\"e-con-inner\">\n\t\t\t\t<div class=\"elementor-element elementor-element-8a61411 elementor-widget elementor-widget-text-editor\" data-id=\"8a61411\" data-element_type=\"widget\" data-e-type=\"widget\" data-widget_type=\"text-editor.default\">\n\t\t\t\t<div class=\"elementor-widget-container\">\n\t\t\t\t\t\t\t\t\t<p>Tiimimme koostuu intohimoisista ammattilaisista, jotka tukevat sinua joka askeleella.<\/p>\t\t\t\t\t\t\t\t<\/div>\n\t\t\t\t<\/div>\n\t\t<div class=\"elementor-element elementor-element-3a92070 e-con-full e-grid e-con e-child\" data-id=\"3a92070\" data-element_type=\"container\" data-e-type=\"container\">\n\t\t\t\t<div class=\"elementor-element elementor-element-29cb8b6 eael-team-align-left elementor-widget elementor-widget-eael-team-member\" data-id=\"29cb8b6\" data-element_type=\"widget\" data-e-type=\"widget\" data-widget_type=\"eael-team-member.default\">\n\t\t\t\t<div class=\"elementor-widget-container\">\n\t\t\t\t\t\n\n\t<div id=\"eael-team-member-29cb8b6\" class=\"eael-team-item eael-team-members-simple team-avatar-rounded\">\n\t\t<div class=\"eael-team-item-inner\">\n\t\t\t<div class=\"eael-team-image\">\n\t\t\t\t<figure>\n\t\t\t\t\t\t\t\t\t\t<img decoding=\"async\" src=\"https:\/\/ropeaccess.ee\/wp-content\/uploads\/2024\/09\/Toomas-Holmberg-400x400-1.jpg\" alt=\"\">\n\t\t\t\t\t\t\t\t\t<\/figure>\n\t\t\t\t\n\t\t\t\t\n\t\t\t<\/div>\n\n\t\t\t<div class=\"eael-team-content\">\n\t\t\t\t<h2 class=\"eael-team-member-name\">Toomas Holmberg<\/h2><h3 class=\"eael-team-member-position\">IRATA-kouluttaja<\/h3>\n\t\t\t\t\t\t\t\t\t\t\t\t\t\t<p class=\"eael-team-text\">IRATA Taso 3<\/br>\nIRATA Trainee Instructor<\/br>\nVirallinen alppinismivalmentaja (Viron Olympiakomitea, ERK 6)<\/br>\n15 vuotta k\u00e4yt\u00e4nn\u00f6n k\u00f6ysity\u00f6kokemusta<\/br>\n10+ vuotta korkeaty\u00f6kouluttajana<\/p>\n\t\t\t\t\t\t\t<\/div>\n\t\t<\/div>\n\t<\/div>\n\t\t\t\t\t<\/div>\n\t\t\t\t<\/div>\n\t\t\t\t<div class=\"elementor-element elementor-element-d497e9a eael-team-align-left elementor-widget elementor-widget-eael-team-member\" data-id=\"d497e9a\" data-element_type=\"widget\" data-e-type=\"widget\" data-widget_type=\"eael-team-member.default\">\n\t\t\t\t<div class=\"elementor-widget-container\">\n\t\t\t\t\t\n\n\t<div id=\"eael-team-member-d497e9a\" class=\"eael-team-item eael-team-members-simple team-avatar-rounded\">\n\t\t<div class=\"eael-team-item-inner\">\n\t\t\t<div class=\"eael-team-image\">\n\t\t\t\t<figure>\n\t\t\t\t\t\t\t\t\t\t<img decoding=\"async\" src=\"https:\/\/ropeaccess.ee\/wp-content\/uploads\/2024\/09\/Mihkel-Nurm-1.jpg\" alt=\"Mihkel Nurm\">\n\t\t\t\t\t\t\t\t\t<\/figure>\n\t\t\t\t\n\t\t\t\t\n\t\t\t<\/div>\n\n\t\t\t<div class=\"eael-team-content\">\n\t\t\t\t<h2 class=\"eael-team-member-name\">Mihkel Nurm<\/h2><h3 class=\"eael-team-member-position\">Toimitusjohtaja, kouluttaja<\/h3>\n\t\t\t\t\t\t\t\t\t\t\t\t\t\t<p class=\"eael-team-text\">IRATA Taso 3<\/br>\n15 vuoden kokemus projektinhallinnasta <\/br>\n10+ vuotta korkeaty\u00f6kouluttajana<\/p>\n\t\t\t\t\t\t\t<\/div>\n\t\t<\/div>\n\t<\/div>\n\t\t\t\t\t<\/div>\n\t\t\t\t<\/div>\n\t\t\t\t<\/div>\n\t\t\t\t\t<\/div>\n\t\t\t\t<\/div>\n\t\t<div class=\"elementor-element elementor-element-5af22ea9 e-flex e-con-boxed e-con e-parent\" data-id=\"5af22ea9\" data-element_type=\"container\" data-e-type=\"container\" data-settings=\"{&quot;background_background&quot;:&quot;classic&quot;}\">\n\t\t\t\t\t<div class=\"e-con-inner\">\n\t\t<div class=\"elementor-element elementor-element-4170693c e-con-full e-flex e-con e-child\" data-id=\"4170693c\" data-element_type=\"container\" data-e-type=\"container\">\n\t\t\t\t<div class=\"elementor-element elementor-element-5cfaf509 elementor-widget elementor-widget-counter\" data-id=\"5cfaf509\" data-element_type=\"widget\" data-e-type=\"widget\" data-widget_type=\"counter.default\">\n\t\t\t\t<div class=\"elementor-widget-container\">\n\t\t\t\t\t\t\t<div class=\"elementor-counter\">\n\t\t\t<div class=\"elementor-counter-title\">vuotta kokemusta<\/div>\t\t\t<div class=\"elementor-counter-number-wrapper\">\n\t\t\t\t<span class=\"elementor-counter-number-prefix\"><\/span>\n\t\t\t\t<span class=\"elementor-counter-number\" data-duration=\"2000\" data-to-value=\"14\" data-from-value=\"0\" data-delimiter=\",\">0<\/span>\n\t\t\t\t<span class=\"elementor-counter-number-suffix\">+<\/span>\n\t\t\t<\/div>\n\t\t<\/div>\n\t\t\t\t\t\t<\/div>\n\t\t\t\t<\/div>\n\t\t\t\t<\/div>\n\t\t<div class=\"elementor-element elementor-element-6c0ca521 e-con-full e-flex e-con e-child\" data-id=\"6c0ca521\" data-element_type=\"container\" data-e-type=\"container\">\n\t\t\t\t<div class=\"elementor-element elementor-element-644c97fa elementor-widget elementor-widget-counter\" data-id=\"644c97fa\" data-element_type=\"widget\" data-e-type=\"widget\" data-widget_type=\"counter.default\">\n\t\t\t\t<div class=\"elementor-widget-container\">\n\t\t\t\t\t\t\t<div class=\"elementor-counter\">\n\t\t\t<div class=\"elementor-counter-title\">koulutusta<\/div>\t\t\t<div class=\"elementor-counter-number-wrapper\">\n\t\t\t\t<span class=\"elementor-counter-number-prefix\"><\/span>\n\t\t\t\t<span class=\"elementor-counter-number\" data-duration=\"2000\" data-to-value=\"400\" data-from-value=\"0\" data-delimiter=\",\">0<\/span>\n\t\t\t\t<span class=\"elementor-counter-number-suffix\">+<\/span>\n\t\t\t<\/div>\n\t\t<\/div>\n\t\t\t\t\t\t<\/div>\n\t\t\t\t<\/div>\n\t\t\t\t<\/div>\n\t\t<div class=\"elementor-element elementor-element-6c5a4d16 e-con-full e-flex e-con e-child\" data-id=\"6c5a4d16\" data-element_type=\"container\" data-e-type=\"container\">\n\t\t\t\t<div class=\"elementor-element elementor-element-342bdb9c elementor-widget elementor-widget-counter\" data-id=\"342bdb9c\" data-element_type=\"widget\" data-e-type=\"widget\" data-widget_type=\"counter.default\">\n\t\t\t\t<div class=\"elementor-widget-container\">\n\t\t\t\t\t\t\t<div class=\"elementor-counter\">\n\t\t\t<div class=\"elementor-counter-title\">koulutuksen suorittanut<\/div>\t\t\t<div class=\"elementor-counter-number-wrapper\">\n\t\t\t\t<span class=\"elementor-counter-number-prefix\"><\/span>\n\t\t\t\t<span class=\"elementor-counter-number\" data-duration=\"2000\" data-to-value=\"2000\" data-from-value=\"0\" data-delimiter=\",\">0<\/span>\n\t\t\t\t<span class=\"elementor-counter-number-suffix\">+<\/span>\n\t\t\t<\/div>\n\t\t<\/div>\n\t\t\t\t\t\t<\/div>\n\t\t\t\t<\/div>\n\t\t\t\t<\/div>\n\t\t<div class=\"elementor-element elementor-element-59151840 e-con-full e-flex e-con e-child\" data-id=\"59151840\" data-element_type=\"container\" data-e-type=\"container\">\n\t\t\t\t<div class=\"elementor-element elementor-element-3e438ed8 elementor-widget elementor-widget-counter\" data-id=\"3e438ed8\" data-element_type=\"widget\" data-e-type=\"widget\" data-widget_type=\"counter.default\">\n\t\t\t\t<div class=\"elementor-widget-container\">\n\t\t\t\t\t\t\t<div class=\"elementor-counter\">\n\t\t\t<div class=\"elementor-counter-title\">vakioasiakkaita<\/div>\t\t\t<div class=\"elementor-counter-number-wrapper\">\n\t\t\t\t<span class=\"elementor-counter-number-prefix\"><\/span>\n\t\t\t\t<span class=\"elementor-counter-number\" data-duration=\"2000\" data-to-value=\"90\" data-from-value=\"0\" data-delimiter=\",\">0<\/span>\n\t\t\t\t<span class=\"elementor-counter-number-suffix\">%<\/span>\n\t\t\t<\/div>\n\t\t<\/div>\n\t\t\t\t\t\t<\/div>\n\t\t\t\t<\/div>\n\t\t\t\t<\/div>\n\t\t\t\t\t<\/div>\n\t\t\t\t<\/div>\n\t\t<div class=\"elementor-element elementor-element-2ca6709 e-flex e-con-boxed e-con e-parent\" data-id=\"2ca6709\" data-element_type=\"container\" data-e-type=\"container\">\n\t\t\t\t\t<div class=\"e-con-inner\">\n\t\t<div class=\"elementor-element elementor-element-2edd78a e-con-full e-flex e-con e-child\" data-id=\"2edd78a\" data-element_type=\"container\" data-e-type=\"container\">\n\t\t\t\t<div class=\"elementor-element elementor-element-9736b16 elementor-widget elementor-widget-heading\" data-id=\"9736b16\" data-element_type=\"widget\" data-e-type=\"widget\" data-widget_type=\"heading.default\">\n\t\t\t\t<div class=\"elementor-widget-container\">\n\t\t\t\t\t<h3 class=\"elementor-heading-title elementor-size-default\">Ilmoittaudu koulutukseen jo t\u00e4n\u00e4\u00e4n!<\/h3>\t\t\t\t<\/div>\n\t\t\t\t<\/div>\n\t\t\t\t<div class=\"elementor-element elementor-element-61953ae elementor-widget elementor-widget-text-editor\" data-id=\"61953ae\" data-element_type=\"widget\" data-e-type=\"widget\" data-widget_type=\"text-editor.default\">\n\t\t\t\t<div class=\"elementor-widget-container\">\n\t\t\t\t\t\t\t\t\t<ul><li>Koulutukset kansainv\u00e4lisell\u00e4 tasolla<\/li><li>Kouluttajina k\u00e4yt\u00e4nn\u00f6n asiantuntijat<\/li><li>Henkil\u00f6kohtainen l\u00e4hestymistapa<\/li><li>Sitouttava ja k\u00e4yt\u00e4nn\u00f6nl\u00e4heinen opetus<\/li><\/ul>\t\t\t\t\t\t\t\t<\/div>\n\t\t\t\t<\/div>\n\t\t\t\t<div class=\"elementor-element elementor-element-25a2594 elementor-widget elementor-widget-button\" data-id=\"25a2594\" data-element_type=\"widget\" data-e-type=\"widget\" data-widget_type=\"button.default\">\n\t\t\t\t<div class=\"elementor-widget-container\">\n\t\t\t\t\t\t\t\t\t<div class=\"elementor-button-wrapper\">\n\t\t\t\t\t<a class=\"elementor-button elementor-button-link elementor-size-sm\" href=\"https:\/\/form.jotform.com\/260123771842050\" target=\"_blank\">\n\t\t\t\t\t\t<span class=\"elementor-button-content-wrapper\">\n\t\t\t\t\t\t\t\t\t<span class=\"elementor-button-text\">Ota yhteytt\u00e4<\/span>\n\t\t\t\t\t<\/span>\n\t\t\t\t\t<\/a>\n\t\t\t\t<\/div>\n\t\t\t\t\t\t\t\t<\/div>\n\t\t\t\t<\/div>\n\t\t\t\t<\/div>\n\t\t<div class=\"elementor-element elementor-element-2cce385 e-con-full e-flex e-con e-child\" data-id=\"2cce385\" data-element_type=\"container\" data-e-type=\"container\">\n\t\t\t\t<div class=\"elementor-element elementor-element-7a6a490 elementor-widget elementor-widget-image\" data-id=\"7a6a490\" data-element_type=\"widget\" data-e-type=\"widget\" data-widget_type=\"image.default\">\n\t\t\t\t<div class=\"elementor-widget-container\">\n\t\t\t\t\t\t\t\t\t\t\t\t\t\t\t<img decoding=\"async\" width=\"1024\" height=\"679\" src=\"https:\/\/ropeaccess.ee\/wp-content\/uploads\/2024\/09\/Skyproff-kodulehe-pildid-1-1-1024x679.png\" class=\"attachment-large size-large wp-image-327\" alt=\"K\u00f5rgt\u00f6\u00f6d mastidel\" srcset=\"https:\/\/ropeaccess.ee\/wp-content\/uploads\/2024\/09\/Skyproff-kodulehe-pildid-1-1-1024x679.png 1024w, https:\/\/ropeaccess.ee\/wp-content\/uploads\/2024\/09\/Skyproff-kodulehe-pildid-1-1-300x199.png 300w, https:\/\/ropeaccess.ee\/wp-content\/uploads\/2024\/09\/Skyproff-kodulehe-pildid-1-1-768x509.png 768w, https:\/\/ropeaccess.ee\/wp-content\/uploads\/2024\/09\/Skyproff-kodulehe-pildid-1-1-1536x1019.png 1536w, https:\/\/ropeaccess.ee\/wp-content\/uploads\/2024\/09\/Skyproff-kodulehe-pildid-1-1.png 1800w\" sizes=\"(max-width: 1024px) 100vw, 1024px\" \/>\t\t\t\t\t\t\t\t\t\t\t\t\t\t\t<\/div>\n\t\t\t\t<\/div>\n\t\t\t\t<\/div>\n\t\t\t\t\t<\/div>\n\t\t\t\t<\/div>\n\t\t\t\t<\/div>","protected":false},"excerpt":{"rendered":"<p>Arenda oma oskusi rahvusvahelisel tipptasemel Meist Oleme keskendunud k\u00f5rgt\u00f6\u00f6de ohutuskoolitusele ja k\u00f6isligip\u00e4\u00e4su meetodite \u00f5petamisele rahvusvahelisel tasemel. Meie eesm\u00e4rk on pakkuda praktilisi koolitusi, mis arendavad uusi oskusi ja ohutuid t\u00f6\u00f6harjumusi. Kogemustegakoolitajad jagavad oma kogemusi ja \u00f5ppetunde, et t\u00f6\u00f6protsessid oleksid lihtsamad ja efektiivsemad. Oleme\u00a0IRATA\u00a0ametlik liige ja koolitaja. IRATA sertifikaat Meie p\u00fchendunud meeskond Meie meeskond koosneb kirglikest spetsialistidest, [&hellip;]<\/p>\n","protected":false},"author":1,"featured_media":0,"parent":0,"menu_order":0,"comment_status":"closed","ping_status":"closed","template":"","meta":{"footnotes":""},"class_list":["post-19","page","type-page","status-publish","hentry"],"blocksy_meta":[],"aioseo_notices":[],"_links":{"self":[{"href":"https:\/\/ropeaccess.ee\/fi\/wp-json\/wp\/v2\/pages\/19","targetHints":{"allow":["GET"]}}],"collection":[{"href":"https:\/\/ropeaccess.ee\/fi\/wp-json\/wp\/v2\/pages"}],"about":[{"href":"https:\/\/ropeaccess.ee\/fi\/wp-json\/wp\/v2\/types\/page"}],"author":[{"embeddable":true,"href":"https:\/\/ropeaccess.ee\/fi\/wp-json\/wp\/v2\/users\/1"}],"replies":[{"embeddable":true,"href":"https:\/\/ropeaccess.ee\/fi\/wp-json\/wp\/v2\/comments?post=19"}],"version-history":[{"count":56,"href":"https:\/\/ropeaccess.ee\/fi\/wp-json\/wp\/v2\/pages\/19\/revisions"}],"predecessor-version":[{"id":651,"href":"https:\/\/ropeaccess.ee\/fi\/wp-json\/wp\/v2\/pages\/19\/revisions\/651"}],"wp:attachment":[{"href":"https:\/\/ropeaccess.ee\/fi\/wp-json\/wp\/v2\/media?parent=19"}],"curies":[{"name":"wp","href":"https:\/\/api.w.org\/{rel}","templated":true}]}}