{"id":21,"date":"2024-08-27T10:45:50","date_gmt":"2024-08-27T10:45:50","guid":{"rendered":"https:\/\/ropeaccess.ee\/avaleht\/"},"modified":"2025-12-02T11:31:51","modified_gmt":"2025-12-02T11:31:51","slug":"avaleht","status":"publish","type":"page","link":"https:\/\/ropeaccess.ee\/fi\/avaleht\/","title":{"rendered":"K\u00f5rgt\u00f6\u00f6de koolitused_endine"},"content":{"rendered":"<div data-elementor-type=\"wp-page\" data-elementor-id=\"21\" class=\"elementor elementor-21\">\n\t\t\t\t<div class=\"elementor-element elementor-element-db7eca3 e-flex e-con-boxed e-con e-parent\" data-id=\"db7eca3\" data-element_type=\"container\" data-e-type=\"container\" data-settings=\"{&quot;background_background&quot;:&quot;classic&quot;}\">\n\t\t\t\t\t<div class=\"e-con-inner\">\n\t\t<div class=\"elementor-element elementor-element-fdad8d0 e-con-full e-flex e-con e-child\" data-id=\"fdad8d0\" data-element_type=\"container\" data-e-type=\"container\">\n\t\t\t\t<div class=\"elementor-element elementor-element-6bd2e522 elementor-widget elementor-widget-heading\" data-id=\"6bd2e522\" data-element_type=\"widget\" data-e-type=\"widget\" data-widget_type=\"heading.default\">\n\t\t\t\t<div class=\"elementor-widget-container\">\n\t\t\t\t\t<h1 class=\"elementor-heading-title elementor-size-default\">IRATA koulutukset<\/h1>\t\t\t\t<\/div>\n\t\t\t\t<\/div>\n\t\t\t\t<div class=\"elementor-element elementor-element-501d407c elementor-widget elementor-widget-heading\" data-id=\"501d407c\" data-element_type=\"widget\" data-e-type=\"widget\" data-widget_type=\"heading.default\">\n\t\t\t\t<div class=\"elementor-widget-container\">\n\t\t\t\t\t<h2 class=\"elementor-heading-title elementor-size-default\">Korkealla ty\u00f6skentelyn koulutukset kansainv\u00e4lisen IRATA-standardin mukaisesti<\/h2>\t\t\t\t<\/div>\n\t\t\t\t<\/div>\n\t\t\t\t<div class=\"elementor-element elementor-element-540b9bc0 elementor-align-center elementor-widget elementor-widget-button\" data-id=\"540b9bc0\" data-element_type=\"widget\" data-e-type=\"widget\" data-widget_type=\"button.default\">\n\t\t\t\t<div class=\"elementor-widget-container\">\n\t\t\t\t\t\t\t\t\t<div class=\"elementor-button-wrapper\">\n\t\t\t\t\t<a class=\"elementor-button elementor-button-link elementor-size-sm\" href=\"https:\/\/ropeaccess.ee\/fi\/kontakt\/\">\n\t\t\t\t\t\t<span class=\"elementor-button-content-wrapper\">\n\t\t\t\t\t\t\t\t\t<span class=\"elementor-button-text\">Ota yhteytt\u00e4<\/span>\n\t\t\t\t\t<\/span>\n\t\t\t\t\t<\/a>\n\t\t\t\t<\/div>\n\t\t\t\t\t\t\t\t<\/div>\n\t\t\t\t<\/div>\n\t\t\t\t<\/div>\n\t\t<div class=\"elementor-element elementor-element-020bb64 e-con-full elementor-hidden-tablet elementor-hidden-mobile e-flex e-con e-child\" data-id=\"020bb64\" data-element_type=\"container\" data-e-type=\"container\">\n\t\t\t\t<\/div>\n\t\t\t\t\t<\/div>\n\t\t\t\t<\/div>\n\t\t<div class=\"elementor-element elementor-element-e439d25 e-flex e-con-boxed e-con e-parent\" data-id=\"e439d25\" data-element_type=\"container\" data-e-type=\"container\">\n\t\t\t\t\t<div class=\"e-con-inner\">\n\t\t\t\t<div class=\"elementor-element elementor-element-1a3b66d elementor-widget elementor-widget-heading\" data-id=\"1a3b66d\" data-element_type=\"widget\" data-e-type=\"widget\" data-widget_type=\"heading.default\">\n\t\t\t\t<div class=\"elementor-widget-container\">\n\t\t\t\t\t<h2 class=\"elementor-heading-title elementor-size-default\">Mik\u00e4 on IRATA?<\/h2>\t\t\t\t<\/div>\n\t\t\t\t<\/div>\n\t\t\t\t<div class=\"elementor-element elementor-element-367f7d3 elementor-widget elementor-widget-text-editor\" data-id=\"367f7d3\" data-element_type=\"widget\" data-e-type=\"widget\" data-widget_type=\"text-editor.default\">\n\t\t\t\t<div class=\"elementor-widget-container\">\n\t\t\t\t\t\t\t\t\t<p>IRATA (Industrial Rope Access Trade Association) on kansainv\u00e4linen k\u00f6ysity\u00f6skentelyn standardi.  IRATAn p\u00e4\u00e4tavoitteena on selkeytt\u00e4\u00e4 teollisten k\u00f6ysit\u00f6iden k\u00e4yt\u00e4nt\u00f6j\u00e4 <b>ja varmistaa turvallinen ty\u00f6skentely korkeissa paikoissa.<\/b>.\u00a0<\/p><p>IRATA-koulutus koostuu kolmesta tasosta, jotka on suoritettava, jotta voi ty\u00f6skennell\u00e4 k\u00f6ysill\u00e4 turvallisesti ja tehokkaasti.<\/p>\t\t\t\t\t\t\t\t<\/div>\n\t\t\t\t<\/div>\n\t\t\t\t\t<\/div>\n\t\t\t\t<\/div>\n\t\t<div class=\"elementor-element elementor-element-f4f5825 e-flex e-con-boxed e-con e-parent\" data-id=\"f4f5825\" data-element_type=\"container\" data-e-type=\"container\">\n\t\t\t\t\t<div class=\"e-con-inner\">\n\t\t<div class=\"elementor-element elementor-element-6efb770 e-con-full e-flex e-con e-child\" data-id=\"6efb770\" data-element_type=\"container\" data-e-type=\"container\">\n\t\t\t\t<div class=\"elementor-element elementor-element-2168ab4 elementor-widget elementor-widget-heading\" data-id=\"2168ab4\" data-element_type=\"widget\" data-e-type=\"widget\" data-widget_type=\"heading.default\">\n\t\t\t\t<div class=\"elementor-widget-container\">\n\t\t\t\t\t<h2 class=\"elementor-heading-title elementor-size-default\">IRATA tase 1<\/h2>\t\t\t\t<\/div>\n\t\t\t\t<\/div>\n\t\t\t\t<div class=\"elementor-element elementor-element-01fa1dc elementor-widget elementor-widget-text-editor\" data-id=\"01fa1dc\" data-element_type=\"widget\" data-e-type=\"widget\" data-widget_type=\"text-editor.default\">\n\t\t\t\t<div class=\"elementor-widget-container\">\n\t\t\t\t\t\t\t\t\t<p>IRATA esimese taseme kursusel osalemine ei eelda eelnevat kogemust. Koolituse k\u00e4igus omandatakse k\u00f5ik vajalikud oskused k\u00f5rgt\u00f6\u00f6de teostamiseks (t\u00f5usmised, langemised, \u00fcleminekud, p\u00e4\u00e4ste jne) ning \u00f5pitakse, kuidas k\u00f5rgustes turvaliselt ja efektiivselt t\u00f6\u00f6tada.<\/p>\t\t\t\t\t\t\t\t<\/div>\n\t\t\t\t<\/div>\n\t\t\t\t<div class=\"elementor-element elementor-element-048feb5 elementor-align-left elementor-widget elementor-widget-button\" data-id=\"048feb5\" data-element_type=\"widget\" data-e-type=\"widget\" data-widget_type=\"button.default\">\n\t\t\t\t<div class=\"elementor-widget-container\">\n\t\t\t\t\t\t\t\t\t<div class=\"elementor-button-wrapper\">\n\t\t\t\t\t<a class=\"elementor-button elementor-button-link elementor-size-sm\" href=\"https:\/\/ropeaccess.ee\/fi\/irata-tase-1\/\">\n\t\t\t\t\t\t<span class=\"elementor-button-content-wrapper\">\n\t\t\t\t\t\t\t\t\t<span class=\"elementor-button-text\">Loe l\u00e4hemalt<\/span>\n\t\t\t\t\t<\/span>\n\t\t\t\t\t<\/a>\n\t\t\t\t<\/div>\n\t\t\t\t\t\t\t\t<\/div>\n\t\t\t\t<\/div>\n\t\t\t\t<\/div>\n\t\t<div class=\"elementor-element elementor-element-ad2ef46 e-con-full e-flex e-con e-child\" data-id=\"ad2ef46\" data-element_type=\"container\" data-e-type=\"container\">\n\t\t\t\t<div class=\"elementor-element elementor-element-4fddb50 elementor-widget elementor-widget-image\" data-id=\"4fddb50\" data-element_type=\"widget\" data-e-type=\"widget\" data-widget_type=\"image.default\">\n\t\t\t\t<div class=\"elementor-widget-container\">\n\t\t\t\t\t\t\t\t\t\t\t\t\t\t\t<img fetchpriority=\"high\" decoding=\"async\" width=\"1024\" height=\"683\" src=\"https:\/\/ropeaccess.ee\/wp-content\/uploads\/2024\/08\/IMG_7094-1200x800-1-1024x683.jpg\" class=\"attachment-large size-large wp-image-143\" alt=\"\" srcset=\"https:\/\/ropeaccess.ee\/wp-content\/uploads\/2024\/08\/IMG_7094-1200x800-1-1024x683.jpg 1024w, https:\/\/ropeaccess.ee\/wp-content\/uploads\/2024\/08\/IMG_7094-1200x800-1-300x200.jpg 300w, https:\/\/ropeaccess.ee\/wp-content\/uploads\/2024\/08\/IMG_7094-1200x800-1-768x512.jpg 768w, https:\/\/ropeaccess.ee\/wp-content\/uploads\/2024\/08\/IMG_7094-1200x800-1.jpg 1200w\" sizes=\"(max-width: 1024px) 100vw, 1024px\" \/>\t\t\t\t\t\t\t\t\t\t\t\t\t\t\t<\/div>\n\t\t\t\t<\/div>\n\t\t\t\t<\/div>\n\t\t\t\t\t<\/div>\n\t\t\t\t<\/div>\n\t\t<div class=\"elementor-element elementor-element-d508aa5 e-flex e-con-boxed e-con e-parent\" data-id=\"d508aa5\" data-element_type=\"container\" data-e-type=\"container\">\n\t\t\t\t\t<div class=\"e-con-inner\">\n\t\t<div class=\"elementor-element elementor-element-2025c5f e-con-full e-flex e-con e-child\" data-id=\"2025c5f\" data-element_type=\"container\" data-e-type=\"container\">\n\t\t\t\t<div class=\"elementor-element elementor-element-9af45b8 elementor-widget elementor-widget-image\" data-id=\"9af45b8\" data-element_type=\"widget\" data-e-type=\"widget\" data-widget_type=\"image.default\">\n\t\t\t\t<div class=\"elementor-widget-container\">\n\t\t\t\t\t\t\t\t\t\t\t\t\t\t\t<img decoding=\"async\" width=\"1024\" height=\"679\" src=\"https:\/\/ropeaccess.ee\/wp-content\/uploads\/2024\/09\/Skyproff-kodulehe-pildid-1-1-1024x679.png\" class=\"attachment-large size-large wp-image-327\" alt=\"K\u00f5rgt\u00f6\u00f6d mastidel\" srcset=\"https:\/\/ropeaccess.ee\/wp-content\/uploads\/2024\/09\/Skyproff-kodulehe-pildid-1-1-1024x679.png 1024w, https:\/\/ropeaccess.ee\/wp-content\/uploads\/2024\/09\/Skyproff-kodulehe-pildid-1-1-300x199.png 300w, https:\/\/ropeaccess.ee\/wp-content\/uploads\/2024\/09\/Skyproff-kodulehe-pildid-1-1-768x509.png 768w, https:\/\/ropeaccess.ee\/wp-content\/uploads\/2024\/09\/Skyproff-kodulehe-pildid-1-1-1536x1019.png 1536w, https:\/\/ropeaccess.ee\/wp-content\/uploads\/2024\/09\/Skyproff-kodulehe-pildid-1-1.png 1800w\" sizes=\"(max-width: 1024px) 100vw, 1024px\" \/>\t\t\t\t\t\t\t\t\t\t\t\t\t\t\t<\/div>\n\t\t\t\t<\/div>\n\t\t\t\t<\/div>\n\t\t<div class=\"elementor-element elementor-element-37c2741 e-con-full e-flex e-con e-child\" data-id=\"37c2741\" data-element_type=\"container\" data-e-type=\"container\">\n\t\t\t\t<div class=\"elementor-element elementor-element-4f238b5 elementor-widget elementor-widget-heading\" data-id=\"4f238b5\" data-element_type=\"widget\" data-e-type=\"widget\" data-widget_type=\"heading.default\">\n\t\t\t\t<div class=\"elementor-widget-container\">\n\t\t\t\t\t<h2 class=\"elementor-heading-title elementor-size-default\">IRATA tase 2<\/h2>\t\t\t\t<\/div>\n\t\t\t\t<\/div>\n\t\t\t\t<div class=\"elementor-element elementor-element-a30b39b elementor-widget elementor-widget-text-editor\" data-id=\"a30b39b\" data-element_type=\"widget\" data-e-type=\"widget\" data-widget_type=\"text-editor.default\">\n\t\t\t\t<div class=\"elementor-widget-container\">\n\t\t\t\t\t\t\t\t\t<p>Teise tasandi omandamiseks peab olema level 1 kursusest m\u00f6\u00f6das minimaalselt 12 kuud ning k\u00f5rgustes teostatud 1000 t\u00f6\u00f6tundi, kasutades omandatud oskusi. Kursusel \u00f5pitakse s\u00fcgavuti k\u00f6ietehnikaid ning p\u00f6\u00f6ratakse rohkem t\u00e4helepanu ohutusele.<\/p>\t\t\t\t\t\t\t\t<\/div>\n\t\t\t\t<\/div>\n\t\t\t\t<div class=\"elementor-element elementor-element-7f3e492 elementor-align-left elementor-widget elementor-widget-button\" data-id=\"7f3e492\" data-element_type=\"widget\" data-e-type=\"widget\" data-widget_type=\"button.default\">\n\t\t\t\t<div class=\"elementor-widget-container\">\n\t\t\t\t\t\t\t\t\t<div class=\"elementor-button-wrapper\">\n\t\t\t\t\t<a class=\"elementor-button elementor-button-link elementor-size-sm\" href=\"https:\/\/ropeaccess.ee\/fi\/irata-tase-2\/\">\n\t\t\t\t\t\t<span class=\"elementor-button-content-wrapper\">\n\t\t\t\t\t\t\t\t\t<span class=\"elementor-button-text\">Loe l\u00e4hemalt<\/span>\n\t\t\t\t\t<\/span>\n\t\t\t\t\t<\/a>\n\t\t\t\t<\/div>\n\t\t\t\t\t\t\t\t<\/div>\n\t\t\t\t<\/div>\n\t\t\t\t<\/div>\n\t\t\t\t\t<\/div>\n\t\t\t\t<\/div>\n\t\t<div class=\"elementor-element elementor-element-3eff676 e-flex e-con-boxed e-con e-parent\" data-id=\"3eff676\" data-element_type=\"container\" data-e-type=\"container\">\n\t\t\t\t\t<div class=\"e-con-inner\">\n\t\t<div class=\"elementor-element elementor-element-3b893cb e-con-full e-flex e-con e-child\" data-id=\"3b893cb\" data-element_type=\"container\" data-e-type=\"container\">\n\t\t\t\t<div class=\"elementor-element elementor-element-81c9230 elementor-widget elementor-widget-heading\" data-id=\"81c9230\" data-element_type=\"widget\" data-e-type=\"widget\" data-widget_type=\"heading.default\">\n\t\t\t\t<div class=\"elementor-widget-container\">\n\t\t\t\t\t<h2 class=\"elementor-heading-title elementor-size-default\">IRATA Taso 3<\/h2>\t\t\t\t<\/div>\n\t\t\t\t<\/div>\n\t\t\t\t<div class=\"elementor-element elementor-element-a80f102 elementor-widget elementor-widget-text-editor\" data-id=\"a80f102\" data-element_type=\"widget\" data-e-type=\"widget\" data-widget_type=\"text-editor.default\">\n\t\t\t\t<div class=\"elementor-widget-container\">\n\t\t\t\t\t\t\t\t\t<p>Koolitusega saadakse IRATA level 3 ohutusjuhendajaks. Kursus kvalifitseerib vastutama tehnikute meeskonna eest. Kolmanda tasandi omandamiseks peab 2. taseme kursusest olema m\u00f6\u00f6das minimaalselt 12 kuud ja teostatud 1000 t\u00f6\u00f6tundi, kasutades teise taseme oskusi.<\/p>\t\t\t\t\t\t\t\t<\/div>\n\t\t\t\t<\/div>\n\t\t\t\t<div class=\"elementor-element elementor-element-3d12142 elementor-align-left elementor-widget elementor-widget-button\" data-id=\"3d12142\" data-element_type=\"widget\" data-e-type=\"widget\" data-widget_type=\"button.default\">\n\t\t\t\t<div class=\"elementor-widget-container\">\n\t\t\t\t\t\t\t\t\t<div class=\"elementor-button-wrapper\">\n\t\t\t\t\t<a class=\"elementor-button elementor-button-link elementor-size-sm\" href=\"https:\/\/ropeaccess.ee\/fi\/irata-tase-3\/\">\n\t\t\t\t\t\t<span class=\"elementor-button-content-wrapper\">\n\t\t\t\t\t\t\t\t\t<span class=\"elementor-button-text\">Loe l\u00e4hemalt<\/span>\n\t\t\t\t\t<\/span>\n\t\t\t\t\t<\/a>\n\t\t\t\t<\/div>\n\t\t\t\t\t\t\t\t<\/div>\n\t\t\t\t<\/div>\n\t\t\t\t<\/div>\n\t\t<div class=\"elementor-element elementor-element-a4978e6 e-con-full e-flex e-con e-child\" data-id=\"a4978e6\" data-element_type=\"container\" data-e-type=\"container\">\n\t\t\t\t<div class=\"elementor-element elementor-element-902bfc1 elementor-widget elementor-widget-image\" data-id=\"902bfc1\" data-element_type=\"widget\" data-e-type=\"widget\" data-widget_type=\"image.default\">\n\t\t\t\t<div class=\"elementor-widget-container\">\n\t\t\t\t\t\t\t\t\t\t\t\t\t\t\t<img decoding=\"async\" width=\"1024\" height=\"576\" src=\"https:\/\/ropeaccess.ee\/wp-content\/uploads\/2024\/10\/ropeaccess.ee-kodulehe-pildid-6-2-1024x576.jpg\" class=\"attachment-large size-large wp-image-383\" alt=\"k\u00f6isligip\u00e4\u00e4s\" srcset=\"https:\/\/ropeaccess.ee\/wp-content\/uploads\/2024\/10\/ropeaccess.ee-kodulehe-pildid-6-2-1024x576.jpg 1024w, https:\/\/ropeaccess.ee\/wp-content\/uploads\/2024\/10\/ropeaccess.ee-kodulehe-pildid-6-2-300x169.jpg 300w, https:\/\/ropeaccess.ee\/wp-content\/uploads\/2024\/10\/ropeaccess.ee-kodulehe-pildid-6-2-768x432.jpg 768w, https:\/\/ropeaccess.ee\/wp-content\/uploads\/2024\/10\/ropeaccess.ee-kodulehe-pildid-6-2-1536x864.jpg 1536w, https:\/\/ropeaccess.ee\/wp-content\/uploads\/2024\/10\/ropeaccess.ee-kodulehe-pildid-6-2-2048x1152.jpg 2048w\" sizes=\"(max-width: 1024px) 100vw, 1024px\" \/>\t\t\t\t\t\t\t\t\t\t\t\t\t\t\t<\/div>\n\t\t\t\t<\/div>\n\t\t\t\t<\/div>\n\t\t\t\t\t<\/div>\n\t\t\t\t<\/div>\n\t\t<div class=\"elementor-element elementor-element-9046f7f e-flex e-con-boxed e-con e-parent\" data-id=\"9046f7f\" data-element_type=\"container\" data-e-type=\"container\" data-settings=\"{&quot;background_background&quot;:&quot;classic&quot;}\">\n\t\t\t\t\t<div class=\"e-con-inner\">\n\t\t<div class=\"elementor-element elementor-element-812b13d e-con-full e-flex e-con e-child\" data-id=\"812b13d\" data-element_type=\"container\" data-e-type=\"container\">\n\t\t\t\t<div class=\"elementor-element elementor-element-cea8b3b elementor-widget elementor-widget-heading\" data-id=\"cea8b3b\" data-element_type=\"widget\" data-e-type=\"widget\" data-widget_type=\"heading.default\">\n\t\t\t\t<div class=\"elementor-widget-container\">\n\t\t\t\t\t<h2 class=\"elementor-heading-title elementor-size-default\">Kokenut kouluttaja<\/h2>\t\t\t\t<\/div>\n\t\t\t\t<\/div>\n\t\t\t\t<div class=\"elementor-element elementor-element-9a60cfa elementor-widget elementor-widget-heading\" data-id=\"9a60cfa\" data-element_type=\"widget\" data-e-type=\"widget\" data-widget_type=\"heading.default\">\n\t\t\t\t<div class=\"elementor-widget-container\">\n\t\t\t\t\t<h3 class=\"elementor-heading-title elementor-size-default\">Toomas Holmberg<\/h3>\t\t\t\t<\/div>\n\t\t\t\t<\/div>\n\t\t\t\t<div class=\"elementor-element elementor-element-27f4a69 elementor-icon-list--layout-traditional elementor-list-item-link-full_width elementor-widget elementor-widget-icon-list\" data-id=\"27f4a69\" data-element_type=\"widget\" data-e-type=\"widget\" data-widget_type=\"icon-list.default\">\n\t\t\t\t<div class=\"elementor-widget-container\">\n\t\t\t\t\t\t\t<ul class=\"elementor-icon-list-items\">\n\t\t\t\t\t\t\t<li class=\"elementor-icon-list-item\">\n\t\t\t\t\t\t\t\t\t\t\t<span class=\"elementor-icon-list-icon\">\n\t\t\t\t\t\t\t<svg aria-hidden=\"true\" class=\"e-font-icon-svg e-fas-check-circle\" viewbox=\"0 0 512 512\" xmlns=\"http:\/\/www.w3.org\/2000\/svg\"><path d=\"M504 256c0 136.967-111.033 248-248 248S8 392.967 8 256 119.033 8 256 8s248 111.033 248 248zM227.314 387.314l184-184c6.248-6.248 6.248-16.379 0-22.627l-22.627-22.627c-6.248-6.249-16.379-6.249-22.628 0L216 308.118l-70.059-70.059c-6.248-6.248-16.379-6.248-22.628 0l-22.627 22.627c-6.248 6.248-6.248 16.379 0 22.627l104 104c6.249 6.249 16.379 6.249 22.628.001z\"><\/path><\/svg>\t\t\t\t\t\t<\/span>\n\t\t\t\t\t\t\t\t\t\t<span class=\"elementor-icon-list-text\">Pitk\u00e4 kokemus korkeaty\u00f6skentelyst\u00e4<\/span>\n\t\t\t\t\t\t\t\t\t<\/li>\n\t\t\t\t\t\t\t\t<li class=\"elementor-icon-list-item\">\n\t\t\t\t\t\t\t\t\t\t\t<span class=\"elementor-icon-list-icon\">\n\t\t\t\t\t\t\t<svg aria-hidden=\"true\" class=\"e-font-icon-svg e-fas-check-circle\" viewbox=\"0 0 512 512\" xmlns=\"http:\/\/www.w3.org\/2000\/svg\"><path d=\"M504 256c0 136.967-111.033 248-248 248S8 392.967 8 256 119.033 8 256 8s248 111.033 248 248zM227.314 387.314l184-184c6.248-6.248 6.248-16.379 0-22.627l-22.627-22.627c-6.248-6.249-16.379-6.249-22.628 0L216 308.118l-70.059-70.059c-6.248-6.248-16.379-6.248-22.628 0l-22.627 22.627c-6.248 6.248-6.248 16.379 0 22.627l104 104c6.249 6.249 16.379 6.249 22.628.001z\"><\/path><\/svg>\t\t\t\t\t\t<\/span>\n\t\t\t\t\t\t\t\t\t\t<span class=\"elementor-icon-list-text\">Ty\u00f6skentelee p\u00e4ivitt\u00e4in k\u00f6ysit\u00f6iss\u00e4<\/span>\n\t\t\t\t\t\t\t\t\t<\/li>\n\t\t\t\t\t\t\t\t<li class=\"elementor-icon-list-item\">\n\t\t\t\t\t\t\t\t\t\t\t<span class=\"elementor-icon-list-icon\">\n\t\t\t\t\t\t\t<svg aria-hidden=\"true\" class=\"e-font-icon-svg e-fas-check-circle\" viewbox=\"0 0 512 512\" xmlns=\"http:\/\/www.w3.org\/2000\/svg\"><path d=\"M504 256c0 136.967-111.033 248-248 248S8 392.967 8 256 119.033 8 256 8s248 111.033 248 248zM227.314 387.314l184-184c6.248-6.248 6.248-16.379 0-22.627l-22.627-22.627c-6.248-6.249-16.379-6.249-22.628 0L216 308.118l-70.059-70.059c-6.248-6.248-16.379-6.248-22.628 0l-22.627 22.627c-6.248 6.248-6.248 16.379 0 22.627l104 104c6.249 6.249 16.379 6.249 22.628.001z\"><\/path><\/svg>\t\t\t\t\t\t<\/span>\n\t\t\t\t\t\t\t\t\t\t<span class=\"elementor-icon-list-text\">IRATA Taso 3 -valvojasertifikaatti<\/span>\n\t\t\t\t\t\t\t\t\t<\/li>\n\t\t\t\t\t\t\t\t<li class=\"elementor-icon-list-item\">\n\t\t\t\t\t\t\t\t\t\t\t<span class=\"elementor-icon-list-icon\">\n\t\t\t\t\t\t\t<svg aria-hidden=\"true\" class=\"e-font-icon-svg e-fas-check-circle\" viewbox=\"0 0 512 512\" xmlns=\"http:\/\/www.w3.org\/2000\/svg\"><path d=\"M504 256c0 136.967-111.033 248-248 248S8 392.967 8 256 119.033 8 256 8s248 111.033 248 248zM227.314 387.314l184-184c6.248-6.248 6.248-16.379 0-22.627l-22.627-22.627c-6.248-6.249-16.379-6.249-22.628 0L216 308.118l-70.059-70.059c-6.248-6.248-16.379-6.248-22.628 0l-22.627 22.627c-6.248 6.248-6.248 16.379 0 22.627l104 104c6.249 6.249 16.379 6.249 22.628.001z\"><\/path><\/svg>\t\t\t\t\t\t<\/span>\n\t\t\t\t\t\t\t\t\t\t<span class=\"elementor-icon-list-text\">Kouluttanut ja ohjannut satoja henkil\u00f6it\u00e4<\/span>\n\t\t\t\t\t\t\t\t\t<\/li>\n\t\t\t\t\t\t<\/ul>\n\t\t\t\t\t\t<\/div>\n\t\t\t\t<\/div>\n\t\t\t\t<\/div>\n\t\t<div class=\"elementor-element elementor-element-97f2f10 e-con-full e-flex e-con e-child\" data-id=\"97f2f10\" data-element_type=\"container\" data-e-type=\"container\">\n\t\t\t\t<div class=\"elementor-element elementor-element-6409df5 elementor-widget elementor-widget-image\" data-id=\"6409df5\" data-element_type=\"widget\" data-e-type=\"widget\" data-widget_type=\"image.default\">\n\t\t\t\t<div class=\"elementor-widget-container\">\n\t\t\t\t\t\t\t\t\t\t\t\t\t\t\t<img loading=\"lazy\" decoding=\"async\" width=\"400\" height=\"400\" src=\"https:\/\/ropeaccess.ee\/wp-content\/uploads\/2024\/09\/Toomas-Holmberg-400x400-1.jpg\" class=\"attachment-large size-large wp-image-118\" alt=\"\" srcset=\"https:\/\/ropeaccess.ee\/wp-content\/uploads\/2024\/09\/Toomas-Holmberg-400x400-1.jpg 400w, https:\/\/ropeaccess.ee\/wp-content\/uploads\/2024\/09\/Toomas-Holmberg-400x400-1-300x300.jpg 300w, https:\/\/ropeaccess.ee\/wp-content\/uploads\/2024\/09\/Toomas-Holmberg-400x400-1-150x150.jpg 150w\" sizes=\"(max-width: 400px) 100vw, 400px\" \/>\t\t\t\t\t\t\t\t\t\t\t\t\t\t\t<\/div>\n\t\t\t\t<\/div>\n\t\t\t\t<div class=\"elementor-element elementor-element-26e0e6f elementor-widget elementor-widget-text-editor\" data-id=\"26e0e6f\" data-element_type=\"widget\" data-e-type=\"widget\" data-widget_type=\"text-editor.default\">\n\t\t\t\t<div class=\"elementor-widget-container\">\n\t\t\t\t\t\t\t\t\t<p>IRATA Taso 3<br \/>IRATA Trainee Instructor<br \/>Virallinen alppinismivalmentaja (Viron Olympiakomitea, ERK 6)<br \/>15 vuotta k\u00e4yt\u00e4nn\u00f6n k\u00f6ysity\u00f6kokemusta<br \/>K\u00f5rgt\u00f6\u00f6de koolitaja 8 aastat<\/p>\t\t\t\t\t\t\t\t<\/div>\n\t\t\t\t<\/div>\n\t\t\t\t<\/div>\n\t\t\t\t\t<\/div>\n\t\t\t\t<\/div>\n\t\t\t\t<\/div>","protected":false},"excerpt":{"rendered":"<p>IRATA koolitused K\u00f5rgt\u00f6\u00f6de koolitused k\u00f6isligip\u00e4\u00e4su rahvuvahelise IRATA standardi j\u00e4rgi V\u00f5ta \u00fchendust Mis on IRATA? IRATA (Industrial Rope Access Trade Association) on rahvusvaheline k\u00f6isligip\u00e4\u00e4su meetodil t\u00f6\u00f6tamise standard. IRATA peamiseks eesm\u00e4rgiks on anda selgus industriaalsete k\u00f6iet\u00f6\u00f6de kohta, et tagada ohutu k\u00f5rgustes t\u00f6\u00f6de tegemise viis.\u00a0 IRATA treeningutel on kokku 3 tasandit, mille peab l\u00e4bima, et k\u00f6itel turvaliselt ja [&hellip;]<\/p>\n","protected":false},"author":1,"featured_media":0,"parent":0,"menu_order":0,"comment_status":"closed","ping_status":"closed","template":"","meta":{"footnotes":""},"class_list":["post-21","page","type-page","status-publish","hentry"],"blocksy_meta":[],"aioseo_notices":[],"_links":{"self":[{"href":"https:\/\/ropeaccess.ee\/fi\/wp-json\/wp\/v2\/pages\/21","targetHints":{"allow":["GET"]}}],"collection":[{"href":"https:\/\/ropeaccess.ee\/fi\/wp-json\/wp\/v2\/pages"}],"about":[{"href":"https:\/\/ropeaccess.ee\/fi\/wp-json\/wp\/v2\/types\/page"}],"author":[{"embeddable":true,"href":"https:\/\/ropeaccess.ee\/fi\/wp-json\/wp\/v2\/users\/1"}],"replies":[{"embeddable":true,"href":"https:\/\/ropeaccess.ee\/fi\/wp-json\/wp\/v2\/comments?post=21"}],"version-history":[{"count":72,"href":"https:\/\/ropeaccess.ee\/fi\/wp-json\/wp\/v2\/pages\/21\/revisions"}],"predecessor-version":[{"id":554,"href":"https:\/\/ropeaccess.ee\/fi\/wp-json\/wp\/v2\/pages\/21\/revisions\/554"}],"wp:attachment":[{"href":"https:\/\/ropeaccess.ee\/fi\/wp-json\/wp\/v2\/media?parent=21"}],"curies":[{"name":"wp","href":"https:\/\/api.w.org\/{rel}","templated":true}]}}