{"id":3,"date":"2024-08-27T10:57:07","date_gmt":"2024-08-27T10:57:07","guid":{"rendered":"https:\/\/ropeaccess.ee\/?page_id=3"},"modified":"2024-09-12T07:47:27","modified_gmt":"2024-09-12T07:47:27","slug":"privacy-policy","status":"publish","type":"page","link":"https:\/\/ropeaccess.ee\/fi\/privacy-policy\/","title":{"rendered":"Tietosuojak\u00e4yt\u00e4nt\u00f6"},"content":{"rendered":"<p>K\u00f5rgt\u00f6\u00f6de Koolitused O\u00dc (j\u00e4ljemp\u00e4n\u00e4 \u201dme\u201d) arvostaa asiakkaidensa (j\u00e4ljemp\u00e4n\u00e4 \u201dsin\u00e4\u201d) yksityisyytt\u00e4 suuresti. T\u00e4ss\u00e4 tietosuojailmoituksessa kerromme, mit\u00e4 tietoja ker\u00e4\u00e4mme sinusta, miksi ker\u00e4\u00e4mme niit\u00e4 ja mit\u00e4 teemme ker\u00e4\u00e4mill\u00e4mme tiedoilla.<\/p>\n\n\n\n<h3 class=\"wp-block-heading\">Keit\u00e4 me olemme?<\/h3>\n\n\n\n<p>Olemme erikoistuneet rope access -menetelmien koulutukseen, joka on turvallinen vaihtoehto nostimille ja telineille. Kaikilla kouluttajillamme on kansainv\u00e4linen IRATA-sertifikaatti ja heill\u00e4 on k\u00e4yt\u00e4nn\u00f6n kokemus korkeaty\u00f6skentelyst\u00e4.<\/p>\n\n\n\n<p>K\u00e4yt\u00e4mme tarpeellisia teknisi\u00e4, fyysisi\u00e4 ja organisatorisia turvatoimia suojataksemme henkil\u00f6tietojasi katoamiselta, tuhoutumiselta ja luvattomalta k\u00e4yt\u00f6lt\u00e4.<\/p>\n\n\n\n<p>Jos sinulla on kysymyksi\u00e4 t\u00e4h\u00e4n tietosuojailmoitukseen liittyen, ota meihin yhteytt\u00e4: info@ropeaccess.ee<\/p>\n\n\n\n<h3 class=\"wp-block-heading\">Mit\u00e4 tietoja ker\u00e4\u00e4mme ja kenelt\u00e4?<\/h3>\n\n\n\n<p>Ker\u00e4\u00e4mme sinusta seuraavia tietoja:<\/p>\n\n\n\n<ul class=\"wp-block-list\">\n<li><em>Henkil\u00f6tiedot: kuten etu- ja sukunimi<\/em><\/li>\n\n\n\n<li><em>Yhteystiedot: puhelinnumero, s\u00e4hk\u00f6postiosoite<\/em><\/li>\n\n\n\n<li><em>Valvontakameran tallenteet: jos vierailet toimistollamme, koulutuskeskuksessamme tai muissa tiloissa, joissa on turvallisuussyist\u00e4 k\u00e4yt\u00f6ss\u00e4 video- tai muu valvontaj\u00e4rjestelm\u00e4<\/em><\/li>\n\n\n\n<li><em>Tiedot henkil\u00f6kohtaisista mieltymyksist\u00e4: esim. tilauksen tai kirjeenvaihdon yhteydess\u00e4 annetut lis\u00e4tiedot, kiinnostuksen kohteet uutiskirjeit\u00e4 varten<\/em><\/li>\n<\/ul>\n\n\n\n<p>Useimmiten saamme tiedot suoraan sinulta, kun otat meihin yhteytt\u00e4 verkkosivumme kautta (www.ropeaccess.ee), puhelimitse, s\u00e4hk\u00f6postitse tai muuta kanavaa k\u00e4ytt\u00e4en.<\/p>\n\n\n\n<h3 class=\"wp-block-heading\">Miksi tarvitsemme tietojasi? Mit\u00e4 tapahtuu, jos et anna niit\u00e4?<\/h3>\n\n\n\n<p>K\u00e4yt\u00e4mme tietojasi tilaamiesi palveluiden tarjoamiseen sek\u00e4 meihin sovellettavien lakien mukaisten velvoitteiden t\u00e4ytt\u00e4miseen ja yleisiin liiketoimintatarkoituksiin, kuten:<\/p>\n\n\n\n<ul class=\"wp-block-list\">\n<li>Henkil\u00f6tiedot \u2013 tarvitsemme n\u00e4it\u00e4 henkil\u00f6llisyytesi vahvistamiseksi, mik\u00e4 on t\u00e4rke\u00e4\u00e4 sen varmistamiseksi, ett\u00e4 palvelu toimitetaan henkil\u00f6lle, joka sen todella tilasi. Koulutuksissa tiedot ovat tarpeen voimassa olevan todistuksen my\u00f6nt\u00e4miseksi.<\/li>\n\n\n\n<li>Yhteystiedot \u2013 tarvitsemme n\u00e4it\u00e4 yhteydenottoa varten. Yleisesti otamme yhteytt\u00e4 puhelimitse tai s\u00e4hk\u00f6postitse, mutta tietyiss\u00e4 tilanteissa saatamme tarvita my\u00f6s kotiosoitettasi (esim. jos muihin yhteydenottotapoihin ei saada yhteytt\u00e4).<\/li>\n\n\n\n<li>Tiedot henkil\u00f6kohtaisista mieltymyksist\u00e4 \u2013 jos kysymme n\u00e4it\u00e4 tietoja tai annat niit\u00e4 meille vapaaehtoisesti, k\u00e4yt\u00e4mme niit\u00e4 tarjotaksemme sinulle parempaa palvelua toiveidesi ja kiinnostuksesi perusteella (ml. s\u00e4hk\u00f6postitse toimitetut palvelutarjoukset, joista voit aina kielt\u00e4yty\u00e4).<\/li>\n<\/ul>\n\n\n\n<h3 class=\"wp-block-heading\">Mill\u00e4 oikeusperusteella k\u00e4sittelemme tietojasi?<\/h3>\n\n\n\n<p>Tietojesi k\u00e4sittely perustuu eri oikeusperusteisiin:<\/p>\n\n\n\n<ul class=\"wp-block-list\">\n<li>Tarve solmia kanssasi sopimus tai t\u00e4ytt\u00e4\u00e4 kanssasi tehty sopimus<\/li>\n\n\n\n<li>Suostumuksesi \u2013 jos k\u00e4sittely perustuu suostumukseesi, sinulla on oikeus peruuttaa suostumuksesi milloin tahansa<\/li>\n\n\n\n<li>Tarve t\u00e4ytt\u00e4\u00e4 lakis\u00e4\u00e4teiset velvoitteemme (esim. tietojen s\u00e4ilytt\u00e4minen takuuaikana rakennuslain (2 vuotta) tai osapuolten v\u00e4lisen sopimuksen mukaisesti teht\u00e4vien takuut\u00f6iden varalta)<\/li>\n\n\n\n<li>Tarve toteuttaa oikeutettuja etujamme, mukaan lukien yrityksen johtaminen ja liiketoiminnan toteuttaminen; lainrikkomusten ja petosten havaitseminen<\/li>\n\n\n\n<li>Tarve suojella sinun tai toisen henkil\u00f6n elint\u00e4rkeit\u00e4 etuja (esim. tietojen luovuttaminen ensihoitajalle onnettomuustilanteessa)<\/li>\n\n\n\n<li>Muut lain sallimat perusteet<\/li>\n<\/ul>\n\n\n\n<h3 class=\"wp-block-heading\">Kenelle jaamme tietojasi?<\/h3>\n\n\n\n<p>Emme jaa meille luovuttamiasi tietoja, paitsi rajoitetuissa tapauksissa, jotka on kuvattu alla ja vain, jos se on tarpeen t\u00e4ss\u00e4 tietosuojailmoituksessa m\u00e4\u00e4riteltyjen tarkoitusten saavuttamiseksi:<\/p>\n\n\n\n<ul class=\"wp-block-list\">\n<li>Tyt\u00e4ryhti\u00f6mme: voimme jakaa henkil\u00f6tietojasi tyt\u00e4ryhti\u00f6idemme kanssa, jotka kaikki sijaitsevat Euroopan unionin alueella<\/li>\n\n\n\n<li>Palveluntarjoajat: kuten monet muut yritykset, saatamme k\u00e4ytt\u00e4\u00e4 luotettavia kolmansia osapuolia (esim. IT- ja konsultointipalveluja) tietojenk\u00e4sittelyyn<\/li>\n\n\n\n<li>Viranomaiset ja julkiset tahot: voimme jakaa tietojasi viranomaisille, jos laki niin edellytt\u00e4\u00e4 tai jos tietojen jakaminen on tarpeen oikeuksiemme suojaamiseksi<\/li>\n\n\n\n<li>Ammatilliset neuvonantajat ja muut: voimme jakaa tietojasi ammatillisten neuvonantajien, kuten tilintarkastajien, asianajajien, kirjanpit\u00e4jien ja muiden neuvontapalveluiden tarjoajien kanssa<\/li>\n\n\n\n<li>Kolmannet osapuolet yritysj\u00e4rjestelyiss\u00e4: ajoittain voimme jakaa tietojasi kolmansille osapuolille yritysj\u00e4rjestelyn, kuten yrityksen tai sen osan myynnin, uudelleenj\u00e4rjestelyn, yhteisyrityksen perustamisen, sulautumisen tai muun omaisuuden siirron yhteydess\u00e4<\/li>\n<\/ul>\n\n\n\n<p>Jos jaamme tietojasi edell\u00e4 mainittujen tahojen kanssa, varmistamme tietojesi suojan meid\u00e4n ja kyseisen tahon v\u00e4lisell\u00e4 sopimuksella.<\/p>\n\n\n\n<p>Emme s\u00e4ilyt\u00e4 tai siirr\u00e4 henkil\u00f6tietojasi Euroopan talousalueen ulkopuolelle tai maihin, joiden osalta ei ole tehty p\u00e4\u00e4t\u00f6st\u00e4 tietosuojan riitt\u00e4vyydest\u00e4 direktiivin 95\/46\/EY 25 artiklan 6 kohdan tai asetuksen (EU) 2016\/679 45 artiklan 1 kohdan mukaisesti.<\/p>\n\n\n\n<h3 class=\"wp-block-heading\">Kuinka kauan s\u00e4ilyt\u00e4mme tietojasi?<\/h3>\n\n\n\n<p>S\u00e4ilyt\u00e4mme tietojasi niin kauan kuin on tarpeen eri k\u00e4sittelytarkoitusten toteuttamiseksi.<\/p>\n\n\n\n<p>Yritys noudattaa seuraavia periaatteita henkil\u00f6tietojen s\u00e4ilytt\u00e4misess\u00e4:<\/p>\n\n\n\n<ul class=\"wp-block-list\">\n<li>Niin kauan kuin henkil\u00f6tietojen s\u00e4ilytt\u00e4minen on tarpeen palvelujen tarjoamiseksi<\/li>\n\n\n\n<li>Jos henkil\u00f6 on toistuva asiakas, s\u00e4ilyt\u00e4mme h\u00e4nen tietonsa niin kauan kuin on tarpeen palvelun tarjoamiseksi nopeammin ja edullisemmin<\/li>\n\n\n\n<li>Jos yrityksell\u00e4 on lakis\u00e4\u00e4teinen, sopimukseen perustuva tai muu vastaava velvollisuus s\u00e4ilytt\u00e4\u00e4 tietoja, s\u00e4ilyt\u00e4mme ne niin kauan kuin on tarpeen velvoitteen t\u00e4ytt\u00e4miseksi<\/li>\n\n\n\n<li>Sopimussuhteen p\u00e4\u00e4tytty\u00e4 s\u00e4ilyt\u00e4mme tietyt tiedot niin kauan kuin rekister\u00f6idyll\u00e4 tai yrityksell\u00e4 on oikeus esitt\u00e4\u00e4 sopimukseen perustuvia vaatimuksia toista osapuolta vastaan<\/li>\n<\/ul>\n\n\n\n<p>Jos olet antanut meille suostumuksen suoramarkkinointimateriaalien l\u00e4hett\u00e4miseen, s\u00e4ilyt\u00e4mme yhteystietosi siihen asti, kunnes peruutat suostumuksesi.<\/p>\n\n\n\n<h3 class=\"wp-block-heading\">Mitk\u00e4 ovat oikeutesi liittyen tietoihisi?<\/h3>\n\n\n\n<p>Sinulla on rekister\u00f6ityn\u00e4 seuraavat oikeudet:<\/p>\n\n\n\n<ul class=\"wp-block-list\">\n<li>Oikeus tutustua tietoihin \u2013 sinulla on oikeus saada tietoa siit\u00e4, mit\u00e4 tietoja sinusta s\u00e4ilytet\u00e4\u00e4n ja miten niit\u00e4 k\u00e4sitell\u00e4\u00e4n<\/li>\n\n\n\n<li>Oikeus tietojen oikaisuun \u2013 sinulla on oikeus vaatia virheellisten henkil\u00f6tietojesi korjaamista<\/li>\n\n\n\n<li>Oikeus tietojen poistamiseen (\"oikeus tulla unohdetuksi\") \u2013 sinulla on tietyiss\u00e4 tilanteissa oikeus pyyt\u00e4\u00e4 henkil\u00f6tietojesi poistamista (esim. jos tietoja ei en\u00e4\u00e4 tarvita, peruutat suostumuksesi jne.)<\/li>\n\n\n\n<li>Oikeus k\u00e4sittelyn rajoittamiseen \u2013 sinulla on tietyiss\u00e4 tapauksissa oikeus kielt\u00e4\u00e4 tai rajoittaa henkil\u00f6tietojesi k\u00e4sittely\u00e4 m\u00e4\u00e4r\u00e4ajaksi (esim. jos olet tehnyt vastalauseen k\u00e4sittelylle)<\/li>\n\n\n\n<li>Oikeus vastustaa k\u00e4sittely\u00e4 \u2013 tilanteesi mukaan sinulla on oikeus vastustaa henkil\u00f6tietojesi k\u00e4sittely\u00e4, jos k\u00e4sittely perustuu oikeutettuun tai yleiseen etuun. Suoramarkkinointia varten tapahtuvaa k\u00e4sittely\u00e4 voit vastustaa milloin tahansa<\/li>\n\n\n\n<li>Oikeus tietojen siirt\u00e4miseen \u2013 sinulla on oikeus saada meille toimittamasi tiedot koneluettavassa muodossa. Voit my\u00f6s pyyt\u00e4\u00e4, ett\u00e4 siirr\u00e4mme tiedot suoraan toiselle rekisterinpit\u00e4j\u00e4lle, jos se on teknisesti mahdollista. T\u00e4m\u00e4 koskee vain tietoja, joita k\u00e4sittelemme suostumuksesi tai sopimuksen perusteella<\/li>\n\n\n\n<li>Automatisoitu p\u00e4\u00e4t\u00f6ksenteko (ml. profilointi) \u2013 jos olemme ilmoittaneet, ett\u00e4 teemme automatisoituun k\u00e4sittelyyn perustuvia p\u00e4\u00e4t\u00f6ksi\u00e4 (ml. profilointi), joilla on oikeudellisia tai merkitt\u00e4vi\u00e4 vaikutuksia sinuun, voit pyyt\u00e4\u00e4, ettei p\u00e4\u00e4t\u00f6st\u00e4 tehd\u00e4 pelk\u00e4st\u00e4\u00e4n automaattisen k\u00e4sittelyn perusteella<\/li>\n<\/ul>\n\n\n\n<p>Jos sinulla on kysymyksi\u00e4 t\u00e4st\u00e4 ilmoituksesta tai haluat k\u00e4ytt\u00e4\u00e4 oikeuksiasi, ota yhteytt\u00e4 s\u00e4hk\u00f6postitse: info@ropeaccess.ee<\/p>\n\n\n\n<p>Teemme parhaamme k\u00e4sitell\u00e4ksemme pyynt\u00f6si ajoissa ja maksutta, paitsi jos siihen liittyy kohtuuton kustannus. Jos et ole tyytyv\u00e4inen antamaamme vastaukseen, voit tehd\u00e4 valituksen tietosuojaviranomaiselle.<\/p>\n\n\n\n<p>K\u00f5rgt\u00f6\u00f6de koolitused OY<br>Lina 5, Tallinn 10314<br>Puh. +372 58502424, s\u00e4hk\u00f6posti: info@ropeaccess.ee<\/p>\n\n\n\n<p>Viimeksi p\u00e4ivitetty: 12.09.2024<\/p>","protected":false},"excerpt":{"rendered":"<p>K\u00f5rgt\u00f6\u00f6de Koolitused O\u00dc (edaspidi \u201cmeie\u201d) hindab oma klientide (edaspidi \u201eteie\u201c) privaatsust k\u00f5rgelt. Selles privaatsusteates selgitame, milliseid andmeid me teie kohta kogume, miks me seda teeme ja mida me teie andmetega teeme. Kes me oleme? Oma t\u00f6\u00f6s oleme spetsialiseerunud ehitusalpinismi (rope access) meetodi \u00f5petamisele, mis on turvaline alternatiiv t\u00f5stukitele ja tellingutele. K\u00f5ik meie koolitajad on rahvusvahelise [&hellip;]<\/p>\n","protected":false},"author":1,"featured_media":0,"parent":0,"menu_order":0,"comment_status":"closed","ping_status":"open","template":"","meta":{"footnotes":""},"class_list":["post-3","page","type-page","status-publish","hentry"],"blocksy_meta":[],"aioseo_notices":[],"_links":{"self":[{"href":"https:\/\/ropeaccess.ee\/fi\/wp-json\/wp\/v2\/pages\/3","targetHints":{"allow":["GET"]}}],"collection":[{"href":"https:\/\/ropeaccess.ee\/fi\/wp-json\/wp\/v2\/pages"}],"about":[{"href":"https:\/\/ropeaccess.ee\/fi\/wp-json\/wp\/v2\/types\/page"}],"author":[{"embeddable":true,"href":"https:\/\/ropeaccess.ee\/fi\/wp-json\/wp\/v2\/users\/1"}],"replies":[{"embeddable":true,"href":"https:\/\/ropeaccess.ee\/fi\/wp-json\/wp\/v2\/comments?post=3"}],"version-history":[{"count":2,"href":"https:\/\/ropeaccess.ee\/fi\/wp-json\/wp\/v2\/pages\/3\/revisions"}],"predecessor-version":[{"id":274,"href":"https:\/\/ropeaccess.ee\/fi\/wp-json\/wp\/v2\/pages\/3\/revisions\/274"}],"wp:attachment":[{"href":"https:\/\/ropeaccess.ee\/fi\/wp-json\/wp\/v2\/media?parent=3"}],"curies":[{"name":"wp","href":"https:\/\/api.w.org\/{rel}","templated":true}]}}